{"id":24687,"date":"2018-04-17T09:52:28","date_gmt":"2018-04-17T07:52:28","guid":{"rendered":"http:\/\/www.veigl.net\/blog\/?page_id=24687"},"modified":"2018-04-21T10:28:27","modified_gmt":"2018-04-21T08:28:27","slug":"datenschutzerklaerung","status":"publish","type":"page","link":"https:\/\/www.veigl.net\/blog\/?page_id=24687","title":{"rendered":"Datenschutzerkl\u00e4rung"},"content":{"rendered":"<p><strong>Datenschutzerkl\u00e4rung<\/strong><\/p>\n<p>Aufgrund der am 25. Mai 2018 in Kraft tretenden Datenschutzgrundverordnung (DSGVO) erkl\u00e4re ich hiermit:<\/p>\n<p>Mein privater Blog auf dem Ihr Euch hier befindet, dient nur der Unterhaltung und Information. Ich verwende keine Cookies, keine Tracker, und habe auch Google-Analytics nicht installiert. Dieser Blog speichert IP-Adressen im Zuge von Beitragskommentaren, die jedoch automatisch nach 60 Tagen gel\u00f6scht werden. Dies ist ein unbedingtes Interesse von mir, um bei etwaigen illegalen oder nicht gesetzeskonformen Kommentaren den Urheber belangen zu k\u00f6nnen (Beweislastf\u00fchrung) und\/oder den Beh\u00f6rden zu melden.<\/p>\n<p>Mein Blog speichert keine personenbezogenen Daten im Zuge eines Newsletters, denn diesen gibt es bei mir nicht. Der Blog speichert jedoch Name und Emailadresse von Personen, die einen Beitrag von mir kommentieren. Der Name wird mit dem Kommentar ver\u00f6ffentlicht. Um Mi\u00dfbrauch der Beitragskommentarfunktion auszuschlie\u00dfen, ist dies unbedingt notwendig. Desweiteren m\u00f6chte ich betonen, dass s\u00e4mtliche Fotos auf denen Personen zu erkennen sind, in Einverst\u00e4ndnis mit diesen gemacht wurden. Ich r\u00e4ume auch das Recht ein, dieses Einverst\u00e4ndnis zur\u00fcckzuziehen, und bei Bekanntgabe der Dateilinks per Mail an mich (christian@veigl.net) eine L\u00f6schung zu vollziehen.<\/p>\n<p>Weiters wurde meine WordPress-Installation DSGVO-konform mit diversen Plug-Ins nachger\u00fcstet um Eure Privatsph\u00e4re und Eure Daten zu sch\u00fctzen sowie die vorgeschriebenen Zustimmungsbuttons bei etwaigen Datenabfragen einzublenden. Eine SSL-Verbindungsverschl\u00fcsselung ist in Vorbereitung (https:\/\/).<\/p>\n<p>21.04.2018<\/p>\n","protected":false},"excerpt":{"rendered":"<p>Datenschutzerkl\u00e4rung Aufgrund der am 25. Mai 2018 in Kraft tretenden Datenschutzgrundverordnung (DSGVO) erkl\u00e4re ich hiermit: Mein privater Blog auf dem Ihr Euch hier befindet, dient nur der Unterhaltung und Information. Ich verwende keine Cookies, keine Tracker, und habe auch Google-Analytics nicht installiert. Dieser Blog speichert IP-Adressen im Zuge von Beitragskommentaren, die jedoch automatisch nach 60 &hellip; <\/p>\n<p><a class=\"more-link btn\" href=\"https:\/\/www.veigl.net\/blog\/?page_id=24687\">Weiterlesen<\/a><\/p>\n","protected":false},"author":2,"featured_media":0,"parent":0,"menu_order":0,"comment_status":"closed","ping_status":"closed","template":"","meta":{"ngg_post_thumbnail":0,"footnotes":""},"class_list":["post-24687","page","type-page","status-publish","hentry","nodate","item-wrap"],"featured_image_src":null,"_links":{"self":[{"href":"https:\/\/www.veigl.net\/blog\/index.php?rest_route=\/wp\/v2\/pages\/24687","targetHints":{"allow":["GET"]}}],"collection":[{"href":"https:\/\/www.veigl.net\/blog\/index.php?rest_route=\/wp\/v2\/pages"}],"about":[{"href":"https:\/\/www.veigl.net\/blog\/index.php?rest_route=\/wp\/v2\/types\/page"}],"author":[{"embeddable":true,"href":"https:\/\/www.veigl.net\/blog\/index.php?rest_route=\/wp\/v2\/users\/2"}],"replies":[{"embeddable":true,"href":"https:\/\/www.veigl.net\/blog\/index.php?rest_route=%2Fwp%2Fv2%2Fcomments&post=24687"}],"version-history":[{"count":0,"href":"https:\/\/www.veigl.net\/blog\/index.php?rest_route=\/wp\/v2\/pages\/24687\/revisions"}],"wp:attachment":[{"href":"https:\/\/www.veigl.net\/blog\/index.php?rest_route=%2Fwp%2Fv2%2Fmedia&parent=24687"}],"curies":[{"name":"wp","href":"https:\/\/api.w.org\/{rel}","templated":true}]}}