{"id":44,"date":"2015-02-06T17:11:15","date_gmt":"2015-02-06T17:11:15","guid":{"rendered":"http:\/\/www.veigl.net\/blog\/?page_id=44"},"modified":"2026-03-31T17:25:11","modified_gmt":"2026-03-31T15:25:11","slug":"hallo-meine-freunde","status":"publish","type":"page","link":"https:\/\/www.veigl.net\/blog\/","title":{"rendered":"&#8220;Griass Di&#8221;, &#8220;Servas&#8221; und &#8220;Hallo&#8221; bei uns!"},"content":{"rendered":"<h6>&nbsp;<\/h6>\n<h6 style=\"text-align: center;\"><a href=\"https:\/\/www.veigl.net\/blog\/wp-content\/uploads\/2021\/05\/IMG_20181018_150255_720.jpg\" rel=\"lightbox[44]\"><img loading=\"lazy\" decoding=\"async\" class=\"alignnone wp-image-30665\" src=\"https:\/\/www.veigl.net\/blog\/wp-content\/uploads\/2021\/05\/IMG_20181018_150255_720-300x300.jpg\" alt=\"\" width=\"200\" height=\"200\" srcset=\"https:\/\/www.veigl.net\/blog\/wp-content\/uploads\/2021\/05\/IMG_20181018_150255_720-300x300.jpg 300w, https:\/\/www.veigl.net\/blog\/wp-content\/uploads\/2021\/05\/IMG_20181018_150255_720-150x150.jpg 150w, https:\/\/www.veigl.net\/blog\/wp-content\/uploads\/2021\/05\/IMG_20181018_150255_720.jpg 720w\" sizes=\"auto, (max-width: 200px) 100vw, 200px\" \/><\/a>&nbsp; <a href=\"https:\/\/www.veigl.net\/blog\/wp-content\/uploads\/2021\/05\/IMG_20181018_150304_437.jpg\" rel=\"lightbox[44]\">&nbsp; <img loading=\"lazy\" decoding=\"async\" class=\"alignnone wp-image-30666\" src=\"https:\/\/www.veigl.net\/blog\/wp-content\/uploads\/2021\/05\/IMG_20181018_150304_437-300x300.jpg\" alt=\"\" width=\"200\" height=\"200\" srcset=\"https:\/\/www.veigl.net\/blog\/wp-content\/uploads\/2021\/05\/IMG_20181018_150304_437-300x300.jpg 300w, https:\/\/www.veigl.net\/blog\/wp-content\/uploads\/2021\/05\/IMG_20181018_150304_437-150x150.jpg 150w, https:\/\/www.veigl.net\/blog\/wp-content\/uploads\/2021\/05\/IMG_20181018_150304_437.jpg 720w\" sizes=\"auto, (max-width: 200px) 100vw, 200px\" \/><\/a> &nbsp;&nbsp; <a href=\"https:\/\/www.veigl.net\/blog\/wp-content\/uploads\/2021\/05\/nukka40x40-720.jpg\" rel=\"lightbox[44]\"><img loading=\"lazy\" decoding=\"async\" class=\"alignnone wp-image-30667\" src=\"https:\/\/www.veigl.net\/blog\/wp-content\/uploads\/2021\/05\/nukka40x40-720-300x300.jpg\" alt=\"\" width=\"200\" height=\"200\" srcset=\"https:\/\/www.veigl.net\/blog\/wp-content\/uploads\/2021\/05\/nukka40x40-720-300x300.jpg 300w, https:\/\/www.veigl.net\/blog\/wp-content\/uploads\/2021\/05\/nukka40x40-720-150x150.jpg 150w, https:\/\/www.veigl.net\/blog\/wp-content\/uploads\/2021\/05\/nukka40x40-720.jpg 720w\" sizes=\"auto, (max-width: 200px) 100vw, 200px\" \/><\/a><br \/><strong>Anka (15.01.2004 bis 10.11.2014) &#8211; Alaskan Kitaro (10.09.2004 bis 08.08.2016) &#8211; Nukka<\/strong> Ridaldundaga (12.06.2017)<\/h6>\n<p>Einen Account auf Facebook zu haben ist eines, einen eigenen Blog auf einem werbefreien Server zu haben ist besser. Der Unterschied? Auf meinem Blog bin ich keiner Zensur, keiner Sperre, keinem Meinungsdiktat unterworfen. Mein Blog &#8211; meine unzensierte Meinung!<\/p>\n<p>Auf Facebook lasse ich mich aus, weils meine Spielwiese ist. Riskiere eine Sperre nach der anderen, und sehe das eigentlich als Ritterschlag wenns mich wieder einmal f\u00fcr 30 Tage erwischt hat. Meinungen die nicht dem Wunsch des Mainstreams entsprechen sind eben unerw\u00fcnscht. Mir ist das egal. Ich habe meine Methoden um trotzdem meine Gruppen und Seiten zu administrieren (<a href=\"https:\/\/www.facebook.com\/groups\/567059420322083\/\" target=\"_blank\" rel=\"noopener noreferrer\">Verschenken statt ab in den M\u00fcll &#8211; Gerasdorf bei Wien<\/a>, <a href=\"https:\/\/www.facebook.com\/groups\/2532652173771390\" target=\"_blank\" rel=\"noopener\">Interessant?<\/a>, etc.). Wobei ich mich schon von einigen Seiten und Gruppen verabschiedet und diese vom Netz genommen und gel\u00f6scht habe. Es macht eben keinen Spa\u00df dauernd gema\u00dfregelt und meinungsmanipuliert zu werden. Und beugen werde ich mich der Gedankendiktatur niemals!<\/p>\n<p><img loading=\"lazy\" decoding=\"async\" class=\"alignnone wp-image-36629 size-full\" src=\"https:\/\/www.veigl.net\/blog\/wp-content\/uploads\/2026\/03\/nukka2026-staub.jpg\" alt=\"\" width=\"1195\" height=\"896\" srcset=\"https:\/\/www.veigl.net\/blog\/wp-content\/uploads\/2026\/03\/nukka2026-staub.jpg 1195w, https:\/\/www.veigl.net\/blog\/wp-content\/uploads\/2026\/03\/nukka2026-staub-300x225.jpg 300w, https:\/\/www.veigl.net\/blog\/wp-content\/uploads\/2026\/03\/nukka2026-staub-1024x768.jpg 1024w, https:\/\/www.veigl.net\/blog\/wp-content\/uploads\/2026\/03\/nukka2026-staub-768x576.jpg 768w, https:\/\/www.veigl.net\/blog\/wp-content\/uploads\/2026\/03\/nukka2026-staub-750x562.jpg 750w\" sizes=\"auto, (max-width: 1195px) 100vw, 1195px\" \/><\/p>\n<p>Hier auf meinem Blog tobe ich mich aus wie ich will und nicht wie es meinem Umfeld, diversen Sprachpolizisten oder diversen Kritikern und Neidern (von denen ich ja jede Menge habe) und dem Zensurmolloch passt. Die Inhalte hier sind bunt gemischt, teilweise sehr kritisch und auch teilweise absichtlich stark provozierend. Ich nehme mir kein Blatt vor den Mund wenn mir etwas nicht passt, weil ich der Meinung bin, dass in heutigen Zeiten grunds\u00e4tzlich alles hinterfragt werden soll und muss und man seine Meinung \u00e4u\u00dfern darf wenn einem etwas nicht passt. Ich zeige auch Dinge auf die &#8211; so wie sie sind &#8211; meiner Meinung nach nicht in Ordnung oder eben f\u00fcr mich nicht akzeptabel sind. Dabei gehe ich manchmal bewusst schwer ans Limit und \u00fcberschreite hin und wieder auch Grenzen, aber Ihr werdet hier auch viel Interessantes und Sch\u00f6nes erfahren. Nehmt aber meine Beitr\u00e4ge keinesfalls pers\u00f6nlich!<\/p>\n<p>Sollte sich durch meine Beitr\u00e4ge jemand direkt angesprochen f\u00fchlen &#8230; dann ist mir das grunds\u00e4tzlich aber auch egal. Man kann ja in jeden Text alles hineininterpretieren, wenn es so passender wird, um jemanden anzugreifen.<\/p>\n<h6 style=\"text-align: center;\"><img loading=\"lazy\" decoding=\"async\" class=\"alignnone wp-image-36615 size-full\" src=\"https:\/\/www.veigl.net\/blog\/wp-content\/uploads\/2026\/03\/Nukka-03-2026-2.jpg\" alt=\"\" width=\"1083\" height=\"686\" srcset=\"https:\/\/www.veigl.net\/blog\/wp-content\/uploads\/2026\/03\/Nukka-03-2026-2.jpg 1083w, https:\/\/www.veigl.net\/blog\/wp-content\/uploads\/2026\/03\/Nukka-03-2026-2-300x190.jpg 300w, https:\/\/www.veigl.net\/blog\/wp-content\/uploads\/2026\/03\/Nukka-03-2026-2-1024x649.jpg 1024w, https:\/\/www.veigl.net\/blog\/wp-content\/uploads\/2026\/03\/Nukka-03-2026-2-768x486.jpg 768w, https:\/\/www.veigl.net\/blog\/wp-content\/uploads\/2026\/03\/Nukka-03-2026-2-750x475.jpg 750w\" sizes=\"auto, (max-width: 1083px) 100vw, 1083px\" \/>&nbsp;&nbsp;<\/h6>\n<p><strong>Wichtige Anmerkung:<\/strong> Es steht jedem frei diesen Blog nicht zu besuchen und meine Beitr\u00e4ge auch nicht zu lesen! Niemand wird von mir dazu gezwungen.&nbsp; Also wenn ihr ein schwaches Nervenkost\u00fcm habt und mit Meinungen die nicht mit Eurer konform gehen nicht umgehen k\u00f6nnt, dann &#8220;Tsch\u00fcss!&#8221; &#8230; dieser Blog tut Euch nicht gut! Schont Eure Nerven und klickt Euch einfach weg.<\/p>\n<p><a href=\"https:\/\/www.veigl.net\/blog\/wp-content\/uploads\/2020\/01\/anatomie-AM.jpg\" rel=\"lightbox[44]\"><img loading=\"lazy\" decoding=\"async\" class=\"alignnone size-large wp-image-29617\" src=\"https:\/\/www.veigl.net\/blog\/wp-content\/uploads\/2020\/01\/anatomie-AM-1024x724.jpg\" alt=\"\" width=\"750\" height=\"530\" srcset=\"https:\/\/www.veigl.net\/blog\/wp-content\/uploads\/2020\/01\/anatomie-AM-1024x724.jpg 1024w, https:\/\/www.veigl.net\/blog\/wp-content\/uploads\/2020\/01\/anatomie-AM-300x212.jpg 300w, https:\/\/www.veigl.net\/blog\/wp-content\/uploads\/2020\/01\/anatomie-AM-768x543.jpg 768w, https:\/\/www.veigl.net\/blog\/wp-content\/uploads\/2020\/01\/anatomie-AM.jpg 1280w\" sizes=\"auto, (max-width: 750px) 100vw, 750px\" \/><\/a><\/p>\n<p>Und f\u00fcr die ganz Gscheit&#8217;n, die mich seit Jahren immer wieder in eine bestimmte Ecke zw\u00e4ngen oder einreihen wollen:<\/p>\n<p>Ich bin politisch absolut neutral, und wen ich w\u00e4hle h\u00e4ngt nicht davon ab, was eine Partei vor Wahlen verspricht (auf diese L\u00fcgen f\u00e4llt eben nur die Herde rein), sondern was sie zwischen den Wahlen geleistet oder umgesetzt haben! Ich verurteile auch keine Parteien wegen der Taten von Einzelpersonen, das w\u00e4re unfair dem Rest der Mitglieder oder deren W\u00e4hlern gegen\u00fcber.<\/p>\n<p>Ich habe f\u00fcr Europa gestimmt, bereue mittlerweile diese Entscheidung aber zutiefst weil wir belogen wurden, und weil das was von den Politikern aus der urspr\u00fcnglich guten Idee gemacht wurde, eine reine Br\u00fcsseler Machttruppe mit Umverteilungszwang und Megageh\u00e4ltern f\u00fcr abgehalfterte Unf\u00e4higkeitspolitiker mit Korruptionshintergrund wurde (es besteht nat\u00fcrlich die Unschuldsvermutung!).<\/p>\n<p>Ich bin auch aus der katholischen Kirche ausgetreten weil ich erstens den Beitragszwang nicht einsehe und f\u00fcr meinen Glauben kein Bodenpersonal ben\u00f6tige, dass mir ein schlechtes Gewissen einreden will, und man sich mit finanziellen Zuwendungen von seinen &#8220;S\u00fcnden&#8221; freikaufen sollte. Man nennt dies offiziell halt OB, nur zum Gl\u00fcck hab ich kein blaues Schn\u00fcrl an mir h\u00e4ngen.<\/p>\n<p>Weiters ist mir vollkommen egal von wo jemand in unser Land kommt, so lange er sich anpasst, arbeitet, seine Steuern bezahlt. So wie wir auch. Alle anderen sind auf meiner Gunstleiter aber sowas von ganz weit unten angesiedelt, auch unsere eigenen Leute die dem System nichts beitragen wollen.<\/p>\n<p><strong>So weit alles klar?<\/strong><\/p>\n<p><a href=\"https:\/\/www.veigl.net\/blog\/wp-content\/uploads\/2018\/08\/IMG_4579-2.jpg\" rel=\"lightbox[44]\"><img loading=\"lazy\" decoding=\"async\" class=\"alignnone wp-image-26846 size-large\" src=\"https:\/\/www.veigl.net\/blog\/wp-content\/uploads\/2018\/08\/IMG_4579-2-1024x476.jpg\" alt=\"\" width=\"750\" height=\"349\" srcset=\"https:\/\/www.veigl.net\/blog\/wp-content\/uploads\/2018\/08\/IMG_4579-2-1024x476.jpg 1024w, https:\/\/www.veigl.net\/blog\/wp-content\/uploads\/2018\/08\/IMG_4579-2-300x139.jpg 300w, https:\/\/www.veigl.net\/blog\/wp-content\/uploads\/2018\/08\/IMG_4579-2-768x357.jpg 768w, https:\/\/www.veigl.net\/blog\/wp-content\/uploads\/2018\/08\/IMG_4579-2.jpg 1280w\" sizes=\"auto, (max-width: 750px) 100vw, 750px\" \/><\/a><\/p>\n<p><a href=\"https:\/\/www.veigl.net\/blog\/wp-content\/uploads\/2021\/06\/IMG_6612-2-scaled.jpg\" rel=\"lightbox[44]\"><img loading=\"lazy\" decoding=\"async\" class=\"alignnone wp-image-30693 size-large\" src=\"https:\/\/www.veigl.net\/blog\/wp-content\/uploads\/2021\/06\/IMG_6612-2-1024x654.jpg\" alt=\"\" width=\"750\" height=\"479\" srcset=\"https:\/\/www.veigl.net\/blog\/wp-content\/uploads\/2021\/06\/IMG_6612-2-1024x654.jpg 1024w, https:\/\/www.veigl.net\/blog\/wp-content\/uploads\/2021\/06\/IMG_6612-2-300x192.jpg 300w, https:\/\/www.veigl.net\/blog\/wp-content\/uploads\/2021\/06\/IMG_6612-2-768x491.jpg 768w, https:\/\/www.veigl.net\/blog\/wp-content\/uploads\/2021\/06\/IMG_6612-2-1536x982.jpg 1536w, https:\/\/www.veigl.net\/blog\/wp-content\/uploads\/2021\/06\/IMG_6612-2-2048x1309.jpg 2048w, https:\/\/www.veigl.net\/blog\/wp-content\/uploads\/2021\/06\/IMG_6612-2-750x479.jpg 750w, https:\/\/www.veigl.net\/blog\/wp-content\/uploads\/2021\/06\/IMG_6612-2-scaled.jpg 1280w\" sizes=\"auto, (max-width: 750px) 100vw, 750px\" \/><\/a><\/p>\n<p>Wir haben ja seit 30. Oktober 2017 wieder Familienzuwachs: &#8220;Nukka Ridaldundaga&#8221;, eine Alaskan Malamute H\u00fcndin direkt aus Lettland von einer ganz lieben Z\u00fcchterin (<a href=\"https:\/\/www.facebook.com\/gunta.dege\" target=\"_blank\" rel=\"noopener\">Gunta De\u0123e<\/a>). Nach \u00fcber einem Jahr ohne Hund, ist mit ihr wieder Leben ins Haus eingekehrt. Sie ist ein reines Energieb\u00fcndel. Die Kleine h\u00e4lt uns seit ihrem Einzug bei uns auf Trab. Ihr findet ihre Geschichte in &#8220;<a href=\"https:\/\/www.veigl.net\/blog\/?p=1916\">Nukkas Buch<\/a>&#8221; (Eine Zusammenfassung ihres Aufwachsens in Tagebuchform). Sie hat auch eine eigene Fotogalerie bekommen, zu finden unter &#8220;Meine Fotos&#8221;, oben im Auswahlmen\u00fc.<\/p>\n<p>&nbsp;<\/p>\n<p>&nbsp;<\/p>\n\n\n<figure class=\"wp-block-image size-large is-style-default\"><img loading=\"lazy\" decoding=\"async\" width=\"1217\" height=\"1280\" src=\"https:\/\/www.veigl.net\/blog\/wp-content\/uploads\/2022\/02\/11IMG_5368-2-scaled.jpg\" alt=\"\" class=\"wp-image-32125\" srcset=\"https:\/\/www.veigl.net\/blog\/wp-content\/uploads\/2022\/02\/11IMG_5368-2-scaled.jpg 1217w, https:\/\/www.veigl.net\/blog\/wp-content\/uploads\/2022\/02\/11IMG_5368-2-285x300.jpg 285w, https:\/\/www.veigl.net\/blog\/wp-content\/uploads\/2022\/02\/11IMG_5368-2-973x1024.jpg 973w, https:\/\/www.veigl.net\/blog\/wp-content\/uploads\/2022\/02\/11IMG_5368-2-768x808.jpg 768w, https:\/\/www.veigl.net\/blog\/wp-content\/uploads\/2022\/02\/11IMG_5368-2-750x789.jpg 750w\" sizes=\"auto, (max-width: 1217px) 100vw, 1217px\" \/><\/figure>\n\n\n<p>&nbsp;<\/p>\n<p>Meine statische Webseite findet Ihr auch weiterhin unter <a href=\"http:\/\/www.veigl.net\/\" target=\"_blank\" rel=\"noopener noreferrer\">www.veigl.net<\/a>:<\/p>\n<p><img loading=\"lazy\" decoding=\"async\" class=\"alignnone wp-image-2900 size-large\" src=\"https:\/\/www.veigl.net\/blog\/wp-content\/uploads\/2017\/12\/snap25293-1024x550.png\" alt=\"\" width=\"750\" height=\"403\" srcset=\"https:\/\/www.veigl.net\/blog\/wp-content\/uploads\/2017\/12\/snap25293-1024x550.png 1024w, https:\/\/www.veigl.net\/blog\/wp-content\/uploads\/2017\/12\/snap25293-300x161.png 300w, https:\/\/www.veigl.net\/blog\/wp-content\/uploads\/2017\/12\/snap25293-768x413.png 768w, https:\/\/www.veigl.net\/blog\/wp-content\/uploads\/2017\/12\/snap25293.png 1128w\" sizes=\"auto, (max-width: 750px) 100vw, 750px\" \/><\/p>\n<p>&nbsp;<\/p>\n<p style=\"text-align: center;\"><strong>Jetzt w\u00fcnsche ich Euch noch viel Spa\u00df beim St\u00f6bern und Lesen \u2026<\/strong><\/p>\n<h6 style=\"text-align: center;\"><img loading=\"lazy\" decoding=\"async\" width=\"300\" height=\"147\" class=\"alignnone size-medium wp-image-5\" src=\"https:\/\/www.veigl.net\/blog\/wp-content\/uploads\/2015\/02\/Anka-und-ich-2014-300x147.jpg\" alt=\"Meine leider verstorbene H\u00fcndin &quot;Anka&quot; und ich (2014)\" srcset=\"https:\/\/www.veigl.net\/blog\/wp-content\/uploads\/2015\/02\/Anka-und-ich-2014-300x147.jpg 300w, https:\/\/www.veigl.net\/blog\/wp-content\/uploads\/2015\/02\/Anka-und-ich-2014.jpg 600w\" sizes=\"auto, (max-width: 300px) 100vw, 300px\" \/><br \/>Christian (und meine mir immer treu gewesene &#8220;Anka&#8221;)<\/h6>\n<h6><em>Fehler die Ihr auf meinen Seiten oder in den Beitr\u00e4gen findet, die d\u00fcrft Ihr ruhig behalten, sie sind kostenlos. Mir geht&#8217;s um den Inhalt und die Problematiken die ich weitergeben oder darauf hinweisen m\u00f6chte, und werde daher nicht immer jeden einzelnen Satz korrekturlesen.<\/em><\/h6>\n<h6>\u00dcbrigens gilt hier f\u00fcr alle Fotos &amp; Grafiken: Sie unterliegen meinem Copyright, und sind auch mein Eigentum, au\u00dfer sie sind anderweitig markiert! Genauso wie s\u00e4mtliche Fotorechte. Wer ein Bild verwenden m\u00f6chte (egal ob privat oder kommerziell) hat mich vorher anzuschreiben (office.veigl[@]aon.at) und um Erlaubnis zu fragen! Ansonsten kann eine Abmahnung ins Haus flattern, und Ihr wisst, diese fallen meist nicht billig aus \u2026<\/h6>\n<p>&nbsp;<\/p>\n<p style=\"text-align: center;\"><strong>Zu den neuesten Posts und Beitr\u00e4gen von mir geht es hier:<\/strong><\/p>\n\n\n<p><\/p>\n","protected":false},"excerpt":{"rendered":"<p>&nbsp; &nbsp; &nbsp; &nbsp;&nbsp; Anka (15.01.2004 bis 10.11.2014) &#8211; Alaskan Kitaro (10.09.2004 bis 08.08.2016) &#8211; Nukka Ridaldundaga (12.06.2017) Einen Account auf Facebook zu haben ist eines, einen eigenen Blog auf einem werbefreien Server zu haben ist besser. Der Unterschied? Auf meinem Blog bin ich keiner Zensur, keiner Sperre, keinem Meinungsdiktat unterworfen. Mein Blog &#8211; meine &hellip; <\/p>\n<p><a class=\"more-link btn\" href=\"https:\/\/www.veigl.net\/blog\/\">Weiterlesen<\/a><\/p>\n","protected":false},"author":2,"featured_media":28,"parent":0,"menu_order":0,"comment_status":"closed","ping_status":"open","template":"","meta":{"ngg_post_thumbnail":0,"footnotes":""},"class_list":["post-44","page","type-page","status-publish","has-post-thumbnail","hentry","nodate","item-wrap"],"featured_image_src":"https:\/\/www.veigl.net\/blog\/wp-content\/uploads\/2015\/02\/MG_0169_tonemapped.jpg","_links":{"self":[{"href":"https:\/\/www.veigl.net\/blog\/index.php?rest_route=\/wp\/v2\/pages\/44","targetHints":{"allow":["GET"]}}],"collection":[{"href":"https:\/\/www.veigl.net\/blog\/index.php?rest_route=\/wp\/v2\/pages"}],"about":[{"href":"https:\/\/www.veigl.net\/blog\/index.php?rest_route=\/wp\/v2\/types\/page"}],"author":[{"embeddable":true,"href":"https:\/\/www.veigl.net\/blog\/index.php?rest_route=\/wp\/v2\/users\/2"}],"replies":[{"embeddable":true,"href":"https:\/\/www.veigl.net\/blog\/index.php?rest_route=%2Fwp%2Fv2%2Fcomments&post=44"}],"version-history":[{"count":4,"href":"https:\/\/www.veigl.net\/blog\/index.php?rest_route=\/wp\/v2\/pages\/44\/revisions"}],"predecessor-version":[{"id":36631,"href":"https:\/\/www.veigl.net\/blog\/index.php?rest_route=\/wp\/v2\/pages\/44\/revisions\/36631"}],"wp:featuredmedia":[{"embeddable":true,"href":"https:\/\/www.veigl.net\/blog\/index.php?rest_route=\/wp\/v2\/media\/28"}],"wp:attachment":[{"href":"https:\/\/www.veigl.net\/blog\/index.php?rest_route=%2Fwp%2Fv2%2Fmedia&parent=44"}],"curies":[{"name":"wp","href":"https:\/\/api.w.org\/{rel}","templated":true}]}}